{"id":29,"date":"2006-01-12T13:48:18","date_gmt":"2006-01-12T12:48:18","guid":{"rendered":"http:\/\/filzer.garderobe23.de\/wp\/?page_id=29"},"modified":"2017-01-19T12:40:37","modified_gmt":"2017-01-19T11:40:37","slug":"infoo","status":"publish","type":"page","link":"http:\/\/elektromods.de\/","title":{"rendered":"info"},"content":{"rendered":"<p>[et_pb_section admin_label=&#8220;section&#8220;][et_pb_row admin_label=&#8220;row&#8220;][et_pb_column type=&#8220;4_4&#8243;][et_pb_text admin_label=&#8220;Text&#8220; background_layout=&#8220;light&#8220; text_orientation=&#8220;left&#8220; use_border_color=&#8220;off&#8220; border_color=&#8220;#ffffff&#8220; border_style=&#8220;solid&#8220;]<\/p>\n<p><strong>die elektromods dj-team<\/strong><br \/>\nin berlin seit 1996<\/p>\n<p><strong>elektromods<\/strong> &#8211; der name sagt viel aus \u00fcber den stil der beiden protagonisten martin ruge und philipp wassermann: die mischung aus elektro und mod(ernist)s bestimmt ihren geschmack, in der musik, im design, im leben.<\/p>\n<p>als DJ-team arbeiten die elektromods im pingpong &#8211; immer abwechselnd legt einer eine scheibe auf. der abend wird  vom besonderen flow bestimmt, es ist die mischung der stile und das weiterf\u00fchren von ideen des anderen, der interne wettbewerb zwischen den beiden und die suche nach der perfekten musikalischen antwort des anderen auf die ansage des einen. dabei rocken die elektromods den tanzboden bis er kocht und k\u00fchlen die lounge bis auf gefriertemperatur.<\/p>\n<p>themenabende sind ein steckenpferd der elektromods, sei es ein abend an dem nur loops gemixt werden, geht es darum eine ausstellung \u00fcber st\u00e4dte mit musik zu begleiten, alle st\u00fccke nur im zusammenhang mit &#8222;stadt&#8220;. sie greifen tief in die plattenkiste mit der ganzen bandbreite zwischen 60er soul und 00er minimaltechno, von the who bis michael mayer, von depeche mode bis tocotronic. <\/p>\n<p><a href=\"http:\/\/de.wikipedia.org\/wiki\/Elektro\">elektro<\/a> <a href=\"https:\/\/de.wikipedia.org\/wiki\/Mod_(Subkultur)\">mods<\/a>\n<\/p>\n<p>[\/et_pb_text][et_pb_image admin_label=&#8220;Bild&#8220; src=&#8220;http:\/\/elektromods.de\/wp\/wp-content\/uploads\/2006\/01\/ELEKTROMODS\u00a9KLAPSCH_MG_2294-2-small.jpg&#8220; show_in_lightbox=&#8220;off&#8220; url_new_window=&#8220;off&#8220; use_overlay=&#8220;off&#8220; animation=&#8220;off&#8220; sticky=&#8220;off&#8220; align=&#8220;left&#8220; force_fullwidth=&#8220;off&#8220; always_center_on_mobile=&#8220;on&#8220; use_border_color=&#8220;off&#8220; border_color=&#8220;#ffffff&#8220; border_style=&#8220;solid&#8220;]<\/p>\n<p>[\/et_pb_image][et_pb_text admin_label=&#8220;Text&#8220; background_layout=&#8220;light&#8220; text_orientation=&#8220;left&#8220; use_border_color=&#8220;off&#8220; border_color=&#8220;#ffffff&#8220; border_style=&#8220;solid&#8220;]<\/p>\n<p>Foto (c) <a href=\"http:\/\/www.thorstenklapsch.de\/\">Thorsten Klapsch<\/a><\/p>\n<p>[\/et_pb_text][\/et_pb_column][\/et_pb_row][\/et_pb_section]<\/p>\n","protected":false},"excerpt":{"rendered":"<p>die elektromods dj-team in berlin seit 1996 elektromods &#8211; der name sagt viel aus \u00fcber den stil der beiden protagonisten martin ruge und philipp wassermann: die mischung aus elektro und mod(ernist)s bestimmt ihren geschmack, in der musik, im design, im leben. als DJ-team arbeiten die elektromods im pingpong &#8211; immer abwechselnd legt einer eine scheibe [&hellip;]<\/p>\n","protected":false},"author":4,"featured_media":0,"parent":0,"menu_order":0,"comment_status":"closed","ping_status":"open","template":"","meta":{"_et_pb_use_builder":"on","_et_pb_old_content":"<p><strong>die elektromods dj-team<\/strong><br \/>\r\nin berlin seit 1996<\/p>\r\n<p><strong>elektromods<\/strong> - der name sagt viel aus \u00fcber den stil der beiden protagonisten martin ruge und philipp wassermann: die mischung aus elektro und mod(ernist)s bestimmt ihren geschmack, in der musik, im design, im leben.<\/p>\r\n<p>als DJ-team arbeiten die elektromods im pingpong - immer abwechselnd legt einer eine scheibe auf. der abend wird  vom besonderen flow bestimmt, es ist die mischung der stile und das weiterf\u00fchren von ideen des anderen, der interne wettbewerb zwischen den beiden und die suche nach der perfekten musikalischen antwort des anderen auf die ansage des einen. dabei rocken die elektromods den tanzboden bis er kocht und k\u00fchlen die lounge bis auf gefriertemperatur.<\/p>\r\n<p>themenabende sind ein steckenpferd der elektromods, sei es ein abend an dem nur loops gemixt werden, geht es darum eine ausstellung \u00fcber st\u00e4dte mit musik zu begleiten, alle st\u00fccke nur im zusammenhang mit \"stadt\". sie greifen tief in die plattenkiste mit der ganzen bandbreite zwischen 60er soul und 00er minimaltechno, von the who bis michael mayer, von depeche mode bis tocotronic. <\/p>\r\n<p><a href=\"http:\/\/de.wikipedia.org\/wiki\/Elektro\">elektro<\/a> <a href=\"https:\/\/de.wikipedia.org\/wiki\/Mod_(Subkultur)\">mods<\/a>\r\n<\/p>","_et_gb_content_width":""},"_links":{"self":[{"href":"http:\/\/elektromods.de\/index.php?rest_route=\/wp\/v2\/pages\/29"}],"collection":[{"href":"http:\/\/elektromods.de\/index.php?rest_route=\/wp\/v2\/pages"}],"about":[{"href":"http:\/\/elektromods.de\/index.php?rest_route=\/wp\/v2\/types\/page"}],"author":[{"embeddable":true,"href":"http:\/\/elektromods.de\/index.php?rest_route=\/wp\/v2\/users\/4"}],"replies":[{"embeddable":true,"href":"http:\/\/elektromods.de\/index.php?rest_route=%2Fwp%2Fv2%2Fcomments&post=29"}],"version-history":[{"count":10,"href":"http:\/\/elektromods.de\/index.php?rest_route=\/wp\/v2\/pages\/29\/revisions"}],"predecessor-version":[{"id":288,"href":"http:\/\/elektromods.de\/index.php?rest_route=\/wp\/v2\/pages\/29\/revisions\/288"}],"wp:attachment":[{"href":"http:\/\/elektromods.de\/index.php?rest_route=%2Fwp%2Fv2%2Fmedia&parent=29"}],"curies":[{"name":"wp","href":"https:\/\/api.w.org\/{rel}","templated":true}]}}